{"id":500,"date":"2022-12-30T11:57:40","date_gmt":"2022-12-30T08:57:40","guid":{"rendered":"https:\/\/serengetiarms.com\/?page_id=500"},"modified":"2025-08-15T18:51:45","modified_gmt":"2025-08-15T15:51:45","slug":"about-us","status":"publish","type":"page","link":"https:\/\/serengetiarms.com\/tr\/about-us\/","title":{"rendered":"HAKKIMIZDA"},"content":{"rendered":"<p>[et_pb_section fb_built=\u201d1\u2033 _builder_version=\u201d4.19.1\u2033 _module_preset=\u201ddefault\u201d background_image=\u201dhttps:\/\/serengetiarms.com\/wp-content\/uploads\/2022\/12\/hakkimizda.jpg\u201d global_colors_info=\u201d{}\u201d][et_pb_row column_structure=\u201d1_2,1_2\u2033 _builder_version=\u201d4.19.1\u2033 _module_preset=\u201ddefault\u201d global_colors_info=\u201d{}\u201d][et_pb_column type=\u201d1_2\u2033 _builder_version=\u201d4.19.1\u2033 _module_preset=\u201ddefault\u201d global_colors_info=\u201d{}\u201d][et_pb_image src=\u201dhttps:\/\/serengetiarms.com\/wp-content\/uploads\/2025\/08\/fabrika.webp\u201d _builder_version=\u201d4.24.2\u2033 _module_preset=\u201ddefault\u201d title_text=\u201dfabrika\u201d filter_saturate=\u201d0%\u201d hover_enabled=\u201d0\u2033 sticky_enabled=\u201d0\u2033 show_in_lightbox=\u201don\u201d filter_saturate__hover_enabled=\u201don|hover\u201d filter_saturate__hover=\u201d100%\u201d][\/et_pb_image][\/et_pb_column][et_pb_column type=\u201d1_2\u2033 _builder_version=\u201d4.19.1\u2033 _module_preset=\u201ddefault\u201d global_colors_info=\u201d{}\u201d][et_pb_text _builder_version=\u201d4.19.1\u2033 _module_preset=\u201ddefault\u201d text_font=\u201dBarlow Condensed||||||||\u201d text_text_color=\u201d#FFFFFF\u201d text_font_size=\u201d18px\u201d header_font=\u201dBarlow Condensed||||||||\u201d header_text_color=\u201d#967444\u2033 header_font_size=\u201d31px\u201d header_letter_spacing=\u201d13px\u201d header_2_font=\u201dBarlow Condensed||||||||\u201d header_2_text_color=\u201d#967444\u2033 header_3_font=\u201dBarlow Condensed|800|||||||\u201d header_3_text_color=\u201d#967444\u2033 header_3_font_size=\u201d37px\u201d background_enable_image=\u201doff\u201d inline_fonts=\u201dBarlow Condensed\u201d global_colors_info=\u201d{}\u201d]<\/p>\n<h1>AV T\u00dcFE\u011eININ YENIDEN YARATICISI.<\/h1>\n<p>Serengeti, ATS GROUP \u015firketinin bir markas\u0131d\u0131r. Temel felsefemiz her t\u00fcfe\u011fini \u00f6zelle\u015ftirmektir. Yenilik\u00e7i ve g\u00fc\u00e7l\u00fc tasar\u0131m ekibimiz, eski ustalar\u0131m\u0131z\u0131n sentezi ve yenilik\u00e7i m\u00fchendislerimiz ile Av t\u00fcfe\u011fi end\u00fcstrisini yeni bir soluk getirmeye inanan dinamik bir tak\u0131m\u0131z<\/p>\n<h2>Biz \u00f6nc\u00fcy\u00fcz, yeni yollar a\u00e7mak i\u00e7in buraday\u0131z.<\/h2>\n<p>Y\u0131llard\u0131r s\u00fcregelen standart \u00fcr\u00fcnlerin aksine geli\u015fen teknoloji ve gen\u00e7 beyinlerin katk\u0131s\u0131yla \u00f6zg\u00fcn \u00fcr\u00fcnler yaratmak temel felsefemizdir.<\/p>\n<h2>Deneyim,<\/h2>\n<p>Av t\u00fcfe\u011fini \u00e7ok iyi biliyoruz. \u00dc\u00e7 neslin ustal\u0131k tecr\u00fcbesi ve teknolojisinin birle\u015fimiyle do\u011fduk. Yak\u0131n zamanda ate\u015fli silah end\u00fcstrisini \u00e7ok farkl\u0131 bir noktaya ta\u015f\u0131yabilece\u011fimize inan\u0131yoruz.<\/p>\n<h2>Orijinallik,<\/h2>\n<p>Farkl\u0131l\u0131\u011fa inan\u0131yoruz ve orijinal \u00fcr\u00fcnler \u00fcretmeye \u00e7al\u0131\u015f\u0131yoruz. Ana prensiplerimiz, modern hatlarla s\u00fcrd\u00fcr\u00fclebilir tasar\u0131mlar yapmak ve ger\u00e7e\u011fe d\u00f6n\u00fc\u015ft\u00fcrmektir.<\/p>\n<p>&nbsp;<\/p>\n<h3>Serengeti kurallar\u0131: G\u00fc\u00e7l\u00fc olan her zaman kazan\u0131r.<\/h3>\n<p>[\/et_pb_text][\/et_pb_column][\/et_pb_row][\/et_pb_section]<\/p>","protected":false},"excerpt":{"rendered":"<p>AV T\u00dcFE\u011eININ YENIDEN YARATICISI. Serengeti, ATS GROUP \u015eirketi'nin markas\u0131d\u0131r. Biz av t\u00fcfe\u011fi end\u00fcstrisini yeniden yaratabilece\u011fimize inanan dinamik bir ekibiz. Temel felsefemiz her av t\u00fcfe\u011fini ki\u015fiselle\u015ftirmektir.  Yenilik\u00e7i ve g\u00fc\u00e7l\u00fc tasar\u0131m ekibimiz, eski usta silah ustalar\u0131m\u0131z ile yenilik\u00e7i m\u00fchendislerimizin sentezi olarak kar\u015f\u0131m\u0131za \u00e7\u0131kmaktad\u0131r. [...]<\/p>","protected":false},"author":2,"featured_media":0,"parent":0,"menu_order":0,"comment_status":"closed","ping_status":"closed","template":"","meta":{"_et_pb_use_builder":"on","_et_pb_old_content":"<!-- wp:divi\/placeholder \/-->","_et_gb_content_width":"","footnotes":""},"class_list":["post-500","page","type-page","status-publish","hentry"],"_links":{"self":[{"href":"https:\/\/serengetiarms.com\/tr\/wp-json\/wp\/v2\/pages\/500","targetHints":{"allow":["GET"]}}],"collection":[{"href":"https:\/\/serengetiarms.com\/tr\/wp-json\/wp\/v2\/pages"}],"about":[{"href":"https:\/\/serengetiarms.com\/tr\/wp-json\/wp\/v2\/types\/page"}],"author":[{"embeddable":true,"href":"https:\/\/serengetiarms.com\/tr\/wp-json\/wp\/v2\/users\/2"}],"replies":[{"embeddable":true,"href":"https:\/\/serengetiarms.com\/tr\/wp-json\/wp\/v2\/comments?post=500"}],"version-history":[{"count":8,"href":"https:\/\/serengetiarms.com\/tr\/wp-json\/wp\/v2\/pages\/500\/revisions"}],"predecessor-version":[{"id":1168,"href":"https:\/\/serengetiarms.com\/tr\/wp-json\/wp\/v2\/pages\/500\/revisions\/1168"}],"wp:attachment":[{"href":"https:\/\/serengetiarms.com\/tr\/wp-json\/wp\/v2\/media?parent=500"}],"curies":[{"name":"wp","href":"https:\/\/api.w.org\/{rel}","templated":true}]}}